{"id":74,"date":"2021-01-07T10:26:07","date_gmt":"2021-01-07T10:26:07","guid":{"rendered":"https:\/\/alpinistutilitarbucuresti.ro\/?page_id=74"},"modified":"2021-01-07T13:04:08","modified_gmt":"2021-01-07T13:04:08","slug":"contact","status":"publish","type":"page","link":"https:\/\/alpinistutilitarbucuresti.ro\/index.php\/contact\/","title":{"rendered":"Contact"},"content":{"rendered":"\n<p><\/p>\n\n\n<div class=\"wpforms-container wpforms-container-full wpforms-block\" id=\"wpforms-136\"><form id=\"wpforms-form-136\" class=\"wpforms-validate wpforms-form\" data-formid=\"136\" method=\"post\" enctype=\"multipart\/form-data\" action=\"\/index.php\/wp-json\/wp\/v2\/pages\/74\" data-token=\"4c16d684632f5e300638adaf0defb5ef\" data-token-time=\"1778778589\"><noscript class=\"wpforms-error-noscript\">Please enable JavaScript in your browser to complete this form.<\/noscript><div class=\"wpforms-field-container\"><div id=\"wpforms-136-field_1-container\" class=\"wpforms-field wpforms-field-name\" data-field-id=\"1\"><label class=\"wpforms-field-label\" for=\"wpforms-136-field_1\">Numele t\u0103u <span class=\"wpforms-required-label\">*<\/span><\/label><input type=\"text\" id=\"wpforms-136-field_1\" class=\"wpforms-field-small wpforms-field-required\" name=\"wpforms[fields][1]\" required><\/div><div id=\"wpforms-136-field_2-container\" class=\"wpforms-field wpforms-field-email\" data-field-id=\"2\"><label class=\"wpforms-field-label\" for=\"wpforms-136-field_2\">Emailul t\u0103u <span class=\"wpforms-required-label\">*<\/span><\/label><input type=\"email\" id=\"wpforms-136-field_2\" class=\"wpforms-field-medium wpforms-field-required\" name=\"wpforms[fields][2]\" spellcheck=\"false\" required><\/div><div id=\"wpforms-136-field_3-container\" class=\"wpforms-field wpforms-field-text\" data-field-id=\"3\"><label class=\"wpforms-field-label\" for=\"wpforms-136-field_3\">Subiect <span class=\"wpforms-required-label\">*<\/span><\/label><input type=\"text\" id=\"wpforms-136-field_3\" class=\"wpforms-field-medium wpforms-field-required\" name=\"wpforms[fields][3]\" required><\/div><div id=\"wpforms-136-field_4-container\" class=\"wpforms-field wpforms-field-textarea\" data-field-id=\"4\"><label class=\"wpforms-field-label\" for=\"wpforms-136-field_4\">Mesajul t\u0103u <span class=\"wpforms-required-label\">*<\/span><\/label><textarea id=\"wpforms-136-field_4\" class=\"wpforms-field-medium wpforms-field-required\" name=\"wpforms[fields][4]\" required><\/textarea><\/div><div id=\"wpforms-136-field_5-container\" class=\"wpforms-field wpforms-field-checkbox\" data-field-id=\"5\"><label class=\"wpforms-field-label wpforms-label-hide\">Single Checkbox Field <span class=\"wpforms-required-label\">*<\/span><\/label><ul id=\"wpforms-136-field_5\" class=\"wpforms-field-required\"><li class=\"choice-1 depth-1\"><input type=\"checkbox\" id=\"wpforms-136-field_5_1\" name=\"wpforms[fields][5][]\" value=\"Sunt de acord ca datele mele (nume, telefon, adresa email, adresa IP) , sa fie stocate si utilizate de alpinistutilitarbucuresti nu va transmite altor parteneri aceste date, si ele vor fi folosite strict pentru comunicarea informa\u021biilor solicitate prin acest formular. V\u0103 rugam sa completa\u021bi toate c\u00e2mpurile formularului. Pentru a putea trimite mesajul trebuie s\u0103 bifa\u021bi c\u0103su\u021ba de mai sus, care \u00eenseamn\u0103 c\u0103 sunte\u021bi de acord s\u0103 v\u0103 p\u0103str\u0103m datele de contact pentru a putea comunica ulterior.\" required ><label class=\"wpforms-field-label-inline\" for=\"wpforms-136-field_5_1\">Sunt de acord ca datele mele (nume, telefon, adresa email, adresa IP) , sa fie stocate si utilizate de alpinistutilitarbucuresti nu va transmite altor parteneri aceste date, si ele vor fi folosite strict pentru comunicarea informa\u021biilor solicitate prin acest formular. V\u0103 rugam sa completa\u021bi toate c\u00e2mpurile formularului. Pentru a putea trimite mesajul trebuie s\u0103 bifa\u021bi c\u0103su\u021ba de mai sus, care \u00eenseamn\u0103 c\u0103 sunte\u021bi de acord s\u0103 v\u0103 p\u0103str\u0103m datele de contact pentru a putea comunica ulterior.<\/label><\/li><\/ul><\/div><\/div><!-- .wpforms-field-container --><div class=\"wpforms-submit-container\" ><input type=\"hidden\" name=\"wpforms[id]\" value=\"136\"><input type=\"hidden\" name=\"page_title\" value=\"\"><input type=\"hidden\" name=\"page_url\" value=\"https:\/\/alpinistutilitarbucuresti.ro\/index.php\/wp-json\/wp\/v2\/pages\/74\"><input type=\"hidden\" name=\"url_referer\" value=\"\"><button type=\"submit\" name=\"wpforms[submit]\" id=\"wpforms-submit-136\" class=\"wpforms-submit\" data-alt-text=\"Trimitere\" data-submit-text=\"Trimitere\" aria-live=\"assertive\" value=\"wpforms-submit\">Trimitere<\/button><\/div><\/form><\/div>  <!-- .wpforms-container -->","protected":false},"excerpt":{"rendered":"","protected":false},"author":2,"featured_media":0,"parent":0,"menu_order":0,"comment_status":"closed","ping_status":"closed","template":"page-templates\/contact.php","meta":{"colormag_page_container_layout":"default_layout","colormag_page_sidebar_layout":"default_layout","footnotes":""},"class_list":["post-74","page","type-page","status-publish","hentry"],"_links":{"self":[{"href":"https:\/\/alpinistutilitarbucuresti.ro\/index.php\/wp-json\/wp\/v2\/pages\/74","targetHints":{"allow":["GET"]}}],"collection":[{"href":"https:\/\/alpinistutilitarbucuresti.ro\/index.php\/wp-json\/wp\/v2\/pages"}],"about":[{"href":"https:\/\/alpinistutilitarbucuresti.ro\/index.php\/wp-json\/wp\/v2\/types\/page"}],"author":[{"embeddable":true,"href":"https:\/\/alpinistutilitarbucuresti.ro\/index.php\/wp-json\/wp\/v2\/users\/2"}],"replies":[{"embeddable":true,"href":"https:\/\/alpinistutilitarbucuresti.ro\/index.php\/wp-json\/wp\/v2\/comments?post=74"}],"version-history":[{"count":3,"href":"https:\/\/alpinistutilitarbucuresti.ro\/index.php\/wp-json\/wp\/v2\/pages\/74\/revisions"}],"predecessor-version":[{"id":139,"href":"https:\/\/alpinistutilitarbucuresti.ro\/index.php\/wp-json\/wp\/v2\/pages\/74\/revisions\/139"}],"wp:attachment":[{"href":"https:\/\/alpinistutilitarbucuresti.ro\/index.php\/wp-json\/wp\/v2\/media?parent=74"}],"curies":[{"name":"wp","href":"https:\/\/api.w.org\/{rel}","templated":true}]}}